{"id":11,"date":"2020-08-13T17:41:21","date_gmt":"2020-08-13T17:41:21","guid":{"rendered":"http:\/\/www.montrealcrc.org\/fr\/testimonials\/"},"modified":"2023-02-05T22:39:19","modified_gmt":"2023-02-05T22:39:19","slug":"qui_nous_sommes","status":"publish","type":"page","link":"https:\/\/www.montrealcrc.org\/fr\/qui_nous_sommes\/","title":{"rendered":"Qui Nous Sommes"},"content":{"rendered":"<div class=\"boldgrid-section\">\n<div class=\"container\">\n<div class=\"row gridblock\">\n<div class=\"col-md-3 col-sm-3 text-center col-xs-12\">\n<p class=\"mod-img-circle\"><img loading=\"lazy\" decoding=\"async\" class=\"alignnone wp-image-65 size-medium\" src=\"http:\/\/www.montrealcrc.org\/fr\/wp-content\/uploads\/2020\/08\/0_9_300_300_Picture1.png\" alt=\"\" width=\"300\" height=\"300\" data-imhwpb-built-photo-search=\"130|square\" srcset=\"https:\/\/www.montrealcrc.org\/fr\/wp-content\/uploads\/2020\/08\/0_9_300_300_Picture1.png 300w, https:\/\/www.montrealcrc.org\/fr\/wp-content\/uploads\/2020\/08\/Picture1-150x150.png 150w, https:\/\/www.montrealcrc.org\/fr\/wp-content\/uploads\/2020\/08\/Picture1-48x48.png 48w\" sizes=\"auto, (max-width: 300px) 100vw, 300px\" \/><\/p>\n<\/div>\n<div class=\"col-md-9 col-sm-9 col-xs-12\">\n<div class=\"row gridblock bg-editor-hr-wrap\">\n<div class=\"col-md-12 col-xs-12 col-sm-12\">\n<hr>\n<\/div>\n<\/div>\n<h4 class=\"\"><span style=\"color: #000080;\">Faites connaissance avec notre Pasteur, <\/span><br \/>\n<span style=\"color: #000080;\">le R\u00e9v\u00e9rend James Kralt<\/span><\/h4>\n<p class=\"\">Dipl\u00f4m\u00e9 de l\u2019Universit\u00e9 Redeemer et du Calvin Theological Seminary, le Pasteur James ainsi que sa femme Marilyn et leurs quatre enfants sont arriv\u00e9s ici en ao\u00fbt 2018.<\/p>\n<p class=\"\">Il est reconnu pour sa pr\u00e9dication substantielle. Ses sermons sont \u00e0 la fois fond\u00e9s sur la Bible et pragmatiques, nous aidant \u00e0 comprendre ce que Dieu veut pour nous par une approche terre-\u00e0-terre.<\/p>\n<p class=\"\">Le Pasteur et sa famille sont enthousiastes \u00e0 l\u2019id\u00e9e de server ce coin de l\u2019Am\u00e9rique du Nord et ont h\u00e2te de vous rencontrer.<\/p>\n<p class=\"\">Vous pouvez contacter le pasteur James \u00e0 514-684-2393 ou \u00e0 pastor@montrealcrc.org<\/p>\n<\/div>\n<\/div>\n<\/div>\n<\/div>\n<div class=\"boldgrid-section\">\n<div class=\"container\">\n<div class=\"row\">\n<div class=\"col-md-12 col-xs-12 col-sm-12\"><\/div>\n<\/div>\n<\/div>\n<\/div>\n<div class=\"boldgrid-section\">\n<div class=\"container\">\n<div class=\"row\">\n<div class=\"col-md-3 col-sm-12 col-xs-12\"><\/div>\n<div class=\"col-md-9 col-xs-12 col-sm-12\">\n<h2 class=\"\">Nos Programmes<\/h2>\n<\/div>\n<\/div>\n<\/div>\n<\/div>\n<div class=\"boldgrid-section\">\n<div class=\"container\">\n<div class=\"row gridblock\">\n<div class=\"col-md-3 col-sm-3 text-center col-xs-12\">\n<p class=\"mod-img-circle\"><img loading=\"lazy\" decoding=\"async\" class=\"alignnone wp-image-66 size-medium\" src=\"http:\/\/www.montrealcrc.org\/fr\/wp-content\/uploads\/2020\/08\/141_0_300_300_IMG_0105-768x576.jpg\" alt=\"\" width=\"300\" height=\"300\" data-imhwpb-built-photo-search=\"8|square\" srcset=\"https:\/\/www.montrealcrc.org\/fr\/wp-content\/uploads\/2020\/08\/141_0_300_300_IMG_0105-768x576.jpg 300w, https:\/\/www.montrealcrc.org\/fr\/wp-content\/uploads\/2020\/08\/IMG_0105-150x150.jpg 150w, https:\/\/www.montrealcrc.org\/fr\/wp-content\/uploads\/2020\/08\/IMG_0105-48x48.jpg 48w\" sizes=\"auto, (max-width: 300px) 100vw, 300px\" \/><\/p>\n<\/div>\n<div class=\"col-md-9 col-sm-9 col-xs-12\">\n<div class=\"row gridblock bg-editor-hr-wrap\">\n<div class=\"col-md-12 col-xs-12 col-sm-12\">\n<hr>\n<\/div>\n<\/div>\n<h4><span style=\"color: #000080;\">Pour Gar\u00e7ons<\/span><\/h4>\n<p>Nous avons un club fantastique pour garcons appel\u00e9 les Cadets. Le Calvinist Cadet Corps est un club parrain\u00e9 par un organisme religieux international qui oeuvre \u00e0 former les leaders de l\u2019avenir.<\/p>\n<p>La formation de cadets consiste en rencontres entre les garcons et les conseillers o\u00f9 on \u00e9tudie la Bible, on participe \u00e0 des projets de service communautaires, des activit\u00e9s ext\u00e9rieures comme le camping, la randonn\u00e9e p\u00e9destre, du canoe et plusieurs autres. On travaille aussi \u00e0 m\u00e9riter des badges bas\u00e9es sur une grande vari\u00e9t\u00e9 d\u2019int\u00e9r\u00eats et d\u2019aptitudes. Nous nous rencontrons tous les deux vendredis de 19:00 \u00e0 21:00 en saison r\u00e9guli\u00e8re.<\/p>\n<p>Si \u00e7a vous int\u00e9resse veuillez contacter le bureau de l&#8217;\u00e9glise au 514-684-2393 ou cadets@montrealcrc.org et venez voir.<\/p>\n<\/div>\n<\/div>\n<\/div>\n<\/div>\n<div class=\"boldgrid-section\">\n<div class=\"container\">\n<div class=\"row\">\n<div class=\"col-md-12 col-xs-12 col-sm-12\"><\/div>\n<\/div>\n<\/div>\n<\/div>\n<div class=\"boldgrid-section\">\n<div class=\"container\">\n<div class=\"row\">\n<div class=\"col-md-12 col-xs-12 col-sm-12\"><\/div>\n<\/div>\n<\/div>\n<\/div>\n<div class=\"boldgrid-section\">\n<div class=\"container\">\n<div class=\"row gridblock\">\n<div class=\"col-md-3 col-sm-3 text-center col-xs-12\">\n<p class=\"mod-img-circle\"><img loading=\"lazy\" decoding=\"async\" class=\"alignnone wp-image-67 size-medium\" src=\"http:\/\/www.montrealcrc.org\/fr\/wp-content\/uploads\/2020\/08\/124_0_300_300_IMG_0115-768x576.jpg\" alt=\"\" width=\"300\" height=\"300\" data-imhwpb-built-photo-search=\"8|square\" srcset=\"https:\/\/www.montrealcrc.org\/fr\/wp-content\/uploads\/2020\/08\/124_0_300_300_IMG_0115-768x576.jpg 300w, https:\/\/www.montrealcrc.org\/fr\/wp-content\/uploads\/2020\/08\/IMG_0115-150x150.jpg 150w, https:\/\/www.montrealcrc.org\/fr\/wp-content\/uploads\/2020\/08\/IMG_0115-48x48.jpg 48w\" sizes=\"auto, (max-width: 300px) 100vw, 300px\" \/><\/p>\n<\/div>\n<div class=\"col-md-9 col-sm-9 col-xs-12\">\n<div class=\"row gridblock bg-editor-hr-wrap\">\n<div class=\"col-md-12 col-xs-12 col-sm-12\">\n<hr>\n<\/div>\n<\/div>\n<h4><span style=\"color: #000080;\">Pour Filles<\/span><\/h4>\n<p>Les filles sont actives, imaginatives et uniques. Et GEMS leur offre le contexte id\u00e9al pour apprendre des tas de trucs int\u00e9ressants et se d\u00e9velopper afin de devenir les individus que Dieu d\u00e9sire qu\u2019elles deviennent. C\u2019est un milieu excitant et s\u00fbr permettant \u00e0 des filles d\u2019apprendre \u00e0 conna\u00eetre Dieu, sa Parole et son monde.<\/p>\n<p>GEMS est un acronyme de Girls Everywhere Meeting the Savior ( Filles de partout \u00e0 la rencontre du sauveur). Le club se r\u00e9unit tous les seconds vendredis en saison r\u00e9guli\u00e8re afin de voir des jeunes exprimer leur amour pour Dieu et autrui activement et avec enthousiasme. Des filles pr\u00e9par\u00e9es, motiv\u00e9es et passionn\u00e9ment engag\u00e9es dans leur cheminement spirituel.<\/p>\n<p>Si \u00e7a vous int\u00e9resse appelez le bureau de l&#8217;\u00e9glise au 514-684-2393 ou gems@montrealcrc.org pour plus de renseignements.<\/p>\n<\/div>\n<\/div>\n<\/div>\n<\/div>\n<div class=\"boldgrid-section\">\n<div class=\"container\">\n<div class=\"row gridblock\">\n<div class=\"col-md-3 col-sm-3 text-center col-xs-12\">\n<p class=\"mod-img-circle\"><img loading=\"lazy\" decoding=\"async\" class=\"alignnone wp-image-68 size-medium\" src=\"http:\/\/www.montrealcrc.org\/fr\/wp-content\/uploads\/2020\/08\/122_0_300_300_100_1441-768x576.jpg\" alt=\"\" width=\"300\" height=\"300\" data-imhwpb-built-photo-search=\"8|square\" srcset=\"https:\/\/www.montrealcrc.org\/fr\/wp-content\/uploads\/2020\/08\/122_0_300_300_100_1441-768x576.jpg 300w, https:\/\/www.montrealcrc.org\/fr\/wp-content\/uploads\/2020\/08\/100_1441-150x150.jpg 150w, https:\/\/www.montrealcrc.org\/fr\/wp-content\/uploads\/2020\/08\/100_1441-48x48.jpg 48w\" sizes=\"auto, (max-width: 300px) 100vw, 300px\" \/><\/p>\n<\/div>\n<div class=\"col-md-9 col-sm-9 col-xs-12\">\n<div class=\"row gridblock bg-editor-hr-wrap\">\n<div class=\"col-md-12 col-xs-12 col-sm-12\">\n<hr>\n<\/div>\n<\/div>\n<h4><span style=\"color: #000080;\">Pour Adolescents<\/span><\/h4>\n<p>L\u2019adolescence consiste essentiellement \u00e0 cr\u00e9er des liens: avec des garcons et filles comme toi, et avec un Dieu authentique et aimant qui te comprend et pour qui tu es capable d\u2019\u00e9prouver des sentiments normaux dans un monde qui t\u2019entoure, ton monde.<\/p>\n<p>Nos leaders, Don et Presleigh, t\u2019invitent \u00e0 te joindre au groupe pour nos rencontres aux deux semaines o\u00f9 nous jouons \u00e0 des jeux, cr\u00e9ons des amiti\u00e9s et apprenons ensemble ce que le salut offert par J\u00e9sus implique. Nous participons aussi \u00e0 des retraites de weekend, des conf\u00e9rences et des voyages de missions toute l\u2019ann\u00e9e.<\/p>\n<p>Viens passer du temps avec nous. Appelle le bureau de l&#8217;\u00e9glise au 514-684-2393 ou youth@montrealcrc.org pour t\u2019inclure.<\/p>\n<\/div>\n<\/div>\n<\/div>\n<\/div>\n<div class=\"boldgrid-section\">\n<div class=\"container\">\n<div class=\"row gridblock\">\n<div class=\"col-md-3 col-sm-3 text-center col-xs-12\">\n<p class=\"mod-img-circle\"><img loading=\"lazy\" decoding=\"async\" class=\"alignnone wp-image-69 size-medium\" src=\"http:\/\/www.montrealcrc.org\/fr\/wp-content\/uploads\/2020\/08\/0_0_300_300_IMG_0086-768x576.jpg\" alt=\"\" width=\"300\" height=\"300\" data-imhwpb-built-photo-search=\"8|square\" srcset=\"https:\/\/www.montrealcrc.org\/fr\/wp-content\/uploads\/2020\/08\/0_0_300_300_IMG_0086-768x576.jpg 300w, https:\/\/www.montrealcrc.org\/fr\/wp-content\/uploads\/2020\/08\/IMG_0086-150x150.jpg 150w, https:\/\/www.montrealcrc.org\/fr\/wp-content\/uploads\/2020\/08\/IMG_0086-48x48.jpg 48w\" sizes=\"auto, (max-width: 300px) 100vw, 300px\" \/><\/p>\n<\/div>\n<div class=\"col-md-9 col-sm-9 col-xs-12\">\n<div class=\"row gridblock bg-editor-hr-wrap\">\n<div class=\"col-md-12 col-xs-12 col-sm-12\">\n<hr>\n<\/div>\n<\/div>\n<h4><span style=\"color: #000080;\">Pour Adultes<\/span><\/h4>\n<p>Joignez-vous \u00e0 nous pour approfendir en petit groupe des r\u00e9ponses bibliques aux questions d&#8217;aujourd&#8217;hui. Posez vos questions, partagez vos r\u00e9flexions ou \u00e9coutez les autres si vous pr\u00e9f\u00e9rez. \u00c0 tous les dimanches vers 9h30 avant l\u2019office. Dirig\u00e9e par le Pasteur James.<\/p>\n<p>Tous les mercredis \u00e0 10h00, le pasteur James organise une \u00e9tude biblique pour tous ceux qui souhaitent d\u00e9couvrir ou explorer la Parole de Dieu pour nous.<\/p>\n<p class=\"\">Contactez-le au 514-684-2393 ou pastor@montrealcrc.org pour plus de renseignements.<\/p>\n<\/div>\n<\/div>\n<\/div>\n<\/div>\n<div class=\"boldgrid-section\">\n<div class=\"container\">\n<div class=\"row gridblock\">\n<div class=\"col-md-3 col-sm-3 text-center col-xs-12\">\n<p class=\"mod-img-circle\"><img loading=\"lazy\" decoding=\"async\" class=\"alignnone wp-image-70 size-medium\" src=\"http:\/\/www.montrealcrc.org\/fr\/wp-content\/uploads\/2020\/08\/192_0_300_300_IMG_0148_Moment-768x432.jpg\" alt=\"\" width=\"300\" height=\"300\" data-imhwpb-built-photo-search=\"8|square\" srcset=\"https:\/\/www.montrealcrc.org\/fr\/wp-content\/uploads\/2020\/08\/192_0_300_300_IMG_0148_Moment-768x432.jpg 300w, https:\/\/www.montrealcrc.org\/fr\/wp-content\/uploads\/2020\/08\/IMG_0148_Moment-150x150.jpg 150w, https:\/\/www.montrealcrc.org\/fr\/wp-content\/uploads\/2020\/08\/IMG_0148_Moment-48x48.jpg 48w\" sizes=\"auto, (max-width: 300px) 100vw, 300px\" \/><\/p>\n<\/div>\n<div class=\"col-md-9 col-sm-9 col-xs-12\">\n<div class=\"row gridblock bg-editor-hr-wrap\">\n<div class=\"col-md-12 col-xs-12 col-sm-12\">\n<hr>\n<\/div>\n<\/div>\n<h4 class=\"\"><span style=\"color: #000080;\">Pour Tous&nbsp;<\/span><\/h4>\n<p>Venez d\u00e9guster de bons repas en bonne compagnie avec des amis, et vivre des moments inspirants lors de nos soupers communautaires. Le prix en est modique pour \u00eatre accessible \u00e0 toutes les bourses. Adultes : 2$, enfants: 1$, et familles:5$. Assoyez-vous \u00e0 notre table le dernier samedi de chaque mois d\u00e8s 18:00.<\/p>\n<p>Vous pr\u00e9voyez tenter l\u2019exp\u00e9rience? Appelez le bureau de l&#8217;\u00e9glise au 514-684-2393 ou communitysupper@montrealcrc.org pour d\u00e9couvrir ce qui mijote dans la cuisine.<\/p>\n<\/div>\n<\/div>\n<\/div>\n<\/div>\n<div class=\"boldgrid-section\">\n<div class=\"container\">\n<div class=\"row gridblock\">\n<div class=\"col-md-3 col-sm-3 text-center col-xs-12\">\n<p class=\"mod-img-circle\"><img loading=\"lazy\" decoding=\"async\" class=\"alignnone wp-image-71 size-medium\" src=\"http:\/\/www.montrealcrc.org\/fr\/wp-content\/uploads\/2020\/08\/65_0_300_300_montreal-birds-eye-768x512.jpg\" alt=\"\" width=\"300\" height=\"300\" data-imhwpb-built-photo-search=\"8|square\" srcset=\"https:\/\/www.montrealcrc.org\/fr\/wp-content\/uploads\/2020\/08\/65_0_300_300_montreal-birds-eye-768x512.jpg 300w, https:\/\/www.montrealcrc.org\/fr\/wp-content\/uploads\/2020\/08\/montreal-birds-eye-150x150.jpg 150w, https:\/\/www.montrealcrc.org\/fr\/wp-content\/uploads\/2020\/08\/montreal-birds-eye-48x48.jpg 48w\" sizes=\"auto, (max-width: 300px) 100vw, 300px\" \/><\/p>\n<\/div>\n<div class=\"col-md-9 col-sm-9 col-xs-12\">\n<div class=\"row gridblock bg-editor-hr-wrap\">\n<div class=\"col-md-12 col-xs-12 col-sm-12\">\n<hr>\n<\/div>\n<\/div>\n<h4><span style=\"color: #000080;\">Partenaires&nbsp;<\/span><\/h4>\n<p>En plus de ce que nous faisons en interne, nous soutenons activement le renforcement de la communaut\u00e9 locale avec nos partenaires minist\u00e9riels comme <a href=\"https:\/\/ministrytoseafarers.org\/visiteurs\">Le foyer maritime de l&#8217;\u00e9glise reform\u00e9e<\/a> , <a href=\"http:\/\/direction.ca\/fr\/maison\/\">Direction Chr\u00e9tienne<\/a>,&nbsp; <a href=\"http:\/\/www.wimmoi.org\/accueil\/\">La Mission de l\u2019Ouest de l\u2019\u00cele<\/a> et <a href=\"http:\/\/www.roiwinmontreal.ca\/fr\/maison\/\">le R\u00e9seau de l&#8217;Ouest de l\u2019\u00cele<\/a>, ainsi que dans le monde entier \u00e0 travers les minist\u00e8res partag\u00e9s de <a href=\"https:\/\/www.crcna.org\/\">l&#8217;\u00c9glise Chr\u00e9tienne R\u00e9form\u00e9e en Am\u00e9rique du Nord<\/a>.<\/p>\n<\/div>\n<\/div>\n<\/div>\n<\/div>\n","protected":false},"excerpt":{"rendered":"<p>Faites connaissance avec notre Pasteur, le R\u00e9v\u00e9rend James Kralt Dipl\u00f4m\u00e9 de l\u2019Universit\u00e9 Redeemer et du Calvin Theological Seminary, le Pasteur James ainsi que sa femme Marilyn et leurs quatre enfants sont arriv\u00e9s ici en ao\u00fbt 2018. Il est reconnu pour sa pr\u00e9dication substantielle. Ses sermons sont \u00e0 la fois fond\u00e9s sur la Bible et pragmatiques, [&hellip;]<\/p>\n","protected":false},"author":1,"featured_media":0,"parent":0,"menu_order":0,"comment_status":"closed","ping_status":"closed","template":"","meta":{"footnotes":""},"class_list":["post-11","page","type-page","status-publish"],"_links":{"self":[{"href":"https:\/\/www.montrealcrc.org\/fr\/wp-json\/wp\/v2\/pages\/11","targetHints":{"allow":["GET"]}}],"collection":[{"href":"https:\/\/www.montrealcrc.org\/fr\/wp-json\/wp\/v2\/pages"}],"about":[{"href":"https:\/\/www.montrealcrc.org\/fr\/wp-json\/wp\/v2\/types\/page"}],"author":[{"embeddable":true,"href":"https:\/\/www.montrealcrc.org\/fr\/wp-json\/wp\/v2\/users\/1"}],"replies":[{"embeddable":true,"href":"https:\/\/www.montrealcrc.org\/fr\/wp-json\/wp\/v2\/comments?post=11"}],"version-history":[{"count":9,"href":"https:\/\/www.montrealcrc.org\/fr\/wp-json\/wp\/v2\/pages\/11\/revisions"}],"predecessor-version":[{"id":493,"href":"https:\/\/www.montrealcrc.org\/fr\/wp-json\/wp\/v2\/pages\/11\/revisions\/493"}],"wp:attachment":[{"href":"https:\/\/www.montrealcrc.org\/fr\/wp-json\/wp\/v2\/media?parent=11"}],"curies":[{"name":"wp","href":"https:\/\/api.w.org\/{rel}","templated":true}]}}