{"id":13,"date":"2020-08-13T17:41:21","date_gmt":"2020-08-13T17:41:21","guid":{"rendered":"http:\/\/www.montrealcrc.org\/fr\/contact-us\/"},"modified":"2021-02-08T19:09:56","modified_gmt":"2021-02-08T19:09:56","slug":"nous_contacter","status":"publish","type":"page","link":"https:\/\/www.montrealcrc.org\/fr\/nous_contacter\/","title":{"rendered":"Nous Contacter"},"content":{"rendered":"<div class=\"boldgrid-section\">\n<div class=\"container\">\n<div class=\"row\">\n<div class=\"col-md-8 col-sm-8 col-xs-12\" style=\"background-image: linear-gradient(to left, #eacda3, #d6ae7b);\" data-bg-direction=\"to left\" data-bg-color-2=\"#d6ae7b\" data-bg-color-1=\"#eacda3\">\n<h2>Tel que vous \u00eates,<\/h2>\n<p><b>Vous \u00eates un individu comme nous qui fait son possible. La vie n\u2019est pas toujours facile. Vous avez v\u00e9cu des r\u00e9ussites et des \u00e9checs. Aimeriez-vous \u00eatre <\/b><b>accept\u00e9-e<\/b><b> TEL-LE QUE VOUS \u00caTES<\/b><b>? <\/b><\/p>\n<p><b>Eh bien vous le pouvez. En fait, vous l\u2019\u00eates. C\u2019est Dieu qui nous gu\u00e9rit et nous rend entiers. Rien de ce que vous faites ne peut changer cela, m\u00eame si vous le voudriez. Il a envoy\u00e9 son Fils, J\u00e9sus Christ dans notre monde afin d\u2019offrir le sacrifice de nos \u00e9checs. Et gr\u00e2ce \u00e0 cet acte d\u2019amour incroyable il nous dit : \u00ab peu importe qui vous \u00eates, ou ce que vous avez fait, vous \u00eates les premiers dans mes pens\u00e9es. Je vous ai cr\u00e9\u00e9 et j\u2019ai un plan pour votre vie. \u00bb<\/b><\/p>\n<h2>Vous venez en <span style=\"color: #ff6600;\"><b>Premier<\/b><\/span><\/h2>\n<p><b>Il est le Dieu que nous adorons \u00e0 la Premi\u00e8re \u00c9RC. Il est celui que nous voulons vous pr\u00e9senter. <\/b><\/p>\n<p><b>Chez la Premi\u00e8re \u00c9glise Reform\u00e9e Chr\u00e9tienne de Montr\u00e9al, l&#8217;\u00e9glise n\u2019est pas un \u00e9difice, ce n\u2019est pas un organigramme. Avant tout c\u2019est un groupe de gens. Des gens avec leurs joies et leurs regrets, des gens comme vous. Joignez-vous \u00e0 nous. Soyez les <\/b><strong><span style=\"color: #333333;\">Premiers<\/span><\/strong><b>.<\/b> <b>Pour une journ\u00e9e ou pour la vie<\/b><b>. <\/b><\/p>\n<\/div>\n<div class=\"col-md-4 col-sm-4 col-xs-12\">\n<h3><i class=\"fa fa-1x fa-envelope-o\"><!-- icon --><\/i>&nbsp;Courriel<\/h3>\n<p class=\"\"><a href=\"mailto:pastor@montrealcrc.org\">pastor@montrealcrc.org<\/a><\/p>\n<h3 class=\"\"><i class=\"fa fa-1x fa-phone\"><!-- icon --><\/i>&nbsp;T\u00e9l\u00e9phone<\/h3>\n<p class=\"\">514-684-2393<\/p>\n<h3><i class=\"fa fa-1x fa-map-marker\"><!-- icon --><\/i> Addresse<\/h3>\n<p>52 Rue Joseph Paiement, Dollard-Des-Ormeaux, QC H9A 1J1<\/p>\n<p class=\"boldgrid-google-maps\" style=\"width: 100%; height: 200px;\"><iframe style=\"width: 100%; height: 100%;\" src=\"https:\/\/maps.google.com\/maps?q=52+Rue+Joseph+Paiement%2C+Dollard-Des-Ormeaux%2C+QC+H9A+1J1&amp;t=m&amp;z=16&amp;output=embed\" frameborder=\"0\"><\/iframe><\/p>\n<p class=\"mod-reset\"><img loading=\"lazy\" decoding=\"async\" class=\"alignnone wp-image-62 size-medium\" src=\"http:\/\/www.montrealcrc.org\/fr\/wp-content\/uploads\/2020\/08\/82_0_360_299.86984815618_20190505_092606-1024x768.jpg\" alt=\"\" width=\"360\" height=\"299\" data-imhwpb-built-photo-search=\"52|portrait\"><\/p>\n<\/div>\n<\/div>\n<\/div>\n<\/div>\n","protected":false},"excerpt":{"rendered":"<p>Tel que vous \u00eates, Vous \u00eates un individu comme nous qui fait son possible. La vie n\u2019est pas toujours facile. Vous avez v\u00e9cu des r\u00e9ussites et des \u00e9checs. Aimeriez-vous \u00eatre accept\u00e9-e TEL-LE QUE VOUS \u00caTES? Eh bien vous le pouvez. En fait, vous l\u2019\u00eates. C\u2019est Dieu qui nous gu\u00e9rit et nous rend entiers. Rien de [&hellip;]<\/p>\n","protected":false},"author":1,"featured_media":0,"parent":0,"menu_order":0,"comment_status":"closed","ping_status":"closed","template":"","meta":{"footnotes":""},"class_list":["post-13","page","type-page","status-publish"],"_links":{"self":[{"href":"https:\/\/www.montrealcrc.org\/fr\/wp-json\/wp\/v2\/pages\/13","targetHints":{"allow":["GET"]}}],"collection":[{"href":"https:\/\/www.montrealcrc.org\/fr\/wp-json\/wp\/v2\/pages"}],"about":[{"href":"https:\/\/www.montrealcrc.org\/fr\/wp-json\/wp\/v2\/types\/page"}],"author":[{"embeddable":true,"href":"https:\/\/www.montrealcrc.org\/fr\/wp-json\/wp\/v2\/users\/1"}],"replies":[{"embeddable":true,"href":"https:\/\/www.montrealcrc.org\/fr\/wp-json\/wp\/v2\/comments?post=13"}],"version-history":[{"count":10,"href":"https:\/\/www.montrealcrc.org\/fr\/wp-json\/wp\/v2\/pages\/13\/revisions"}],"predecessor-version":[{"id":61,"href":"https:\/\/www.montrealcrc.org\/fr\/wp-json\/wp\/v2\/pages\/13\/revisions\/61"}],"wp:attachment":[{"href":"https:\/\/www.montrealcrc.org\/fr\/wp-json\/wp\/v2\/media?parent=13"}],"curies":[{"name":"wp","href":"https:\/\/api.w.org\/{rel}","templated":true}]}}