{"id":9,"date":"2020-08-13T17:41:21","date_gmt":"2020-08-13T17:41:21","guid":{"rendered":"http:\/\/www.montrealcrc.org\/fr\/info\/"},"modified":"2020-12-28T15:03:34","modified_gmt":"2020-12-28T15:03:34","slug":"a_quoi_s_attendre","status":"publish","type":"page","link":"https:\/\/www.montrealcrc.org\/fr\/a_quoi_s_attendre\/","title":{"rendered":"\u00c0 Quoi s&#8217;Attendre"},"content":{"rendered":"<div class=\"boldgrid-section\">\n<div class=\"container\">\n<div class=\"row gridblock\">\n<div class=\"col-md-4 col-sm-12 col-xs-12\">\n<p>&nbsp;<\/p>\n<\/div>\n<\/div>\n<\/div>\n<\/div>\n<div class=\"boldgrid-section\">\n<div class=\"container\">\n<div class=\"row gridblock\">\n<div class=\"col-md-8 col-xs-12 col-sm-12\">\n<h4><span style=\"color: #000080;\">Quand nous r\u00e9unissons-nous?<\/span><\/h4>\n<p><b>Nous nous rassemblons pour adorer Dieu le dimanche matin \u00e0 10 :30. Pr\u00e9voyez d\u2019arriver quelques minutes \u00e0 l\u2019avance afin de trouver un espace de stationnement. Nous avons un stationnement sur notre propri\u00e9t\u00e9 et notre \u00e9difice est compl\u00e8tement accessible. Et apr\u00e8s l\u2019office descendez \u00e0 la salle paroissiale afin de boire un caf\u00e9 ou un th\u00e9 et de nous donner la chance de faire connaissance avec vous et de r\u00e9pondre \u00e0 vos questions<\/b><b>.<\/b><\/p>\n<h4><span style=\"color: #000080;\">\u00c0 quoi dois-je m\u2019attendre?<\/span><\/h4>\n<p><b>Attendez-vous \u00e0 entendre la Parole de Dieu, \u00e0 l\u2019honorer, \u00e0 le prier, et \u00e0 apprendre sa volont\u00e9 pour nos vies. Et \u00e0 beaucoup de musique, de vos cantiques pr\u00e9f\u00e9r\u00e9s \u00e0 des chants nouveaux inspirants. Un office dure en moyenne environ 75 minutes<\/b><b>.<\/b><\/p>\n<h4><span style=\"color: #000080;\">Comment m\u2019habiller?<\/span><\/h4>\n<p><b>Comme vous voulez. Ce qui est important aux yeux de Dieu c\u2019est votre <\/b><b>Coeur<\/b><b> et votre esprit, pas votre apparence. Si vous voulez vous mettre sur votre 31, faites-le. Si vous pr\u00e9f\u00e9rez porter des shorts et des gougounes pour l\u2019\u00e9t\u00e9 libre \u00e0 vous aussi. La plupart des gens s\u2019habillent de mani\u00e8re informelle<\/b><b>.<\/b><\/p>\n<h4><span style=\"color: #000080;\">Et les enfants?<\/span><\/h4>\n<p><b>Ils vont adorer \u00e7a ici. Il y a une garderie pour les tout-petits, et les enfants d\u2019\u00e2ge scolaire peuvent assister \u00e0 l\u2019\u00c9cole du dimanche qui commence peu apr\u00e8s le d\u00e9but de l\u2019office. Les plus vieux, quant \u00e0 eux participeront \u00e0 l\u2019office avec vous afin de partager l\u2019exp\u00e9rience et commencer l\u2019apprentissage du cheminement de foi<\/b><b>. <\/b><\/p>\n<\/div>\n<div class=\"col-md-4 text-center col-xs-12 col-sm-12\">\n<p class=\"mod-img\"><img loading=\"lazy\" decoding=\"async\" width=\"600\" height=\"449\" class=\"alignnone wp-image-73 size-medium\" alt=\"\" src=\"http:\/\/www.montrealcrc.org\/fr\/wp-content\/uploads\/2020\/08\/43_0_600_449.8374864572_ur-first-1024x692.jpg\" data-imhwpb-asset-id=\"780447\"><\/p>\n<\/div>\n<\/div>\n<\/div>\n<\/div>\n","protected":false},"excerpt":{"rendered":"<p>&nbsp; Quand nous r\u00e9unissons-nous? Nous nous rassemblons pour adorer Dieu le dimanche matin \u00e0 10 :30. Pr\u00e9voyez d\u2019arriver quelques minutes \u00e0 l\u2019avance afin de trouver un espace de stationnement. Nous avons un stationnement sur notre propri\u00e9t\u00e9 et notre \u00e9difice est compl\u00e8tement accessible. Et apr\u00e8s l\u2019office descendez \u00e0 la salle paroissiale afin de boire un caf\u00e9 [&hellip;]<\/p>\n","protected":false},"author":1,"featured_media":0,"parent":0,"menu_order":0,"comment_status":"closed","ping_status":"closed","template":"","meta":{"footnotes":""},"class_list":["post-9","page","type-page","status-publish"],"_links":{"self":[{"href":"https:\/\/www.montrealcrc.org\/fr\/wp-json\/wp\/v2\/pages\/9","targetHints":{"allow":["GET"]}}],"collection":[{"href":"https:\/\/www.montrealcrc.org\/fr\/wp-json\/wp\/v2\/pages"}],"about":[{"href":"https:\/\/www.montrealcrc.org\/fr\/wp-json\/wp\/v2\/types\/page"}],"author":[{"embeddable":true,"href":"https:\/\/www.montrealcrc.org\/fr\/wp-json\/wp\/v2\/users\/1"}],"replies":[{"embeddable":true,"href":"https:\/\/www.montrealcrc.org\/fr\/wp-json\/wp\/v2\/comments?post=9"}],"version-history":[{"count":5,"href":"https:\/\/www.montrealcrc.org\/fr\/wp-json\/wp\/v2\/pages\/9\/revisions"}],"predecessor-version":[{"id":129,"href":"https:\/\/www.montrealcrc.org\/fr\/wp-json\/wp\/v2\/pages\/9\/revisions\/129"}],"wp:attachment":[{"href":"https:\/\/www.montrealcrc.org\/fr\/wp-json\/wp\/v2\/media?parent=9"}],"curies":[{"name":"wp","href":"https:\/\/api.w.org\/{rel}","templated":true}]}}